{"id":566,"date":"2015-07-07T17:35:53","date_gmt":"2015-07-07T17:35:53","guid":{"rendered":"http:\/\/www.kristinj.se\/?page_id=566"},"modified":"2026-01-11T15:19:18","modified_gmt":"2026-01-11T15:19:18","slug":"tisdagsdansen","status":"publish","type":"page","link":"https:\/\/www.kristinj.se\/?page_id=566","title":{"rendered":"MINNEN"},"content":{"rendered":"\n<figure class=\"wp-block-image size-large\"><img loading=\"lazy\" decoding=\"async\" width=\"1024\" height=\"575\" src=\"https:\/\/www.kristinj.se\/wp-content\/uploads\/2026\/01\/johannessen_1-1024x575.jpg\" alt=\"\" class=\"wp-image-734\" style=\"aspect-ratio:1.7817844359008352\" srcset=\"https:\/\/www.kristinj.se\/wp-content\/uploads\/2026\/01\/johannessen_1-1024x575.jpg 1024w, https:\/\/www.kristinj.se\/wp-content\/uploads\/2026\/01\/johannessen_1-300x168.jpg 300w, https:\/\/www.kristinj.se\/wp-content\/uploads\/2026\/01\/johannessen_1-768x431.jpg 768w, https:\/\/www.kristinj.se\/wp-content\/uploads\/2026\/01\/johannessen_1.jpg 1486w\" sizes=\"auto, (max-width: 1024px) 100vw, 1024px\" \/><\/figure>\n\n\n\n<p>Minnen, 2020.<\/p>\n\n\n\n<p>Minnen \u00e4r en personlig dokument\u00e4r d\u00e4r jag ser tillbaka p\u00e5 min egna sjukdomsperiod av vanf\u00f6rest\u00e4llningar och tv\u00e5ngstankar. Med hj\u00e4lp av autentiska klipp fr\u00e5n den tiden v\u00e4vs en ber\u00e4ttelse om \u00e5ngest och udda ideer samman. <\/p>\n\n\n\n<p><br><\/p>\n","protected":false},"excerpt":{"rendered":"<p>Minnen, 2020. Minnen \u00e4r en personlig dokument\u00e4r d\u00e4r jag ser tillbaka p\u00e5 min egna sjukdomsperiod av vanf\u00f6rest\u00e4llningar och tv\u00e5ngstankar. Med hj\u00e4lp av autentiska klipp fr\u00e5n den tiden v\u00e4vs en ber\u00e4ttelse om \u00e5ngest och udda ideer samman.<\/p>\n","protected":false},"author":1,"featured_media":0,"parent":0,"menu_order":0,"comment_status":"closed","ping_status":"closed","template":"","meta":{"footnotes":""},"class_list":["post-566","page","type-page","status-publish","hentry"],"_links":{"self":[{"href":"https:\/\/www.kristinj.se\/index.php?rest_route=\/wp\/v2\/pages\/566","targetHints":{"allow":["GET"]}}],"collection":[{"href":"https:\/\/www.kristinj.se\/index.php?rest_route=\/wp\/v2\/pages"}],"about":[{"href":"https:\/\/www.kristinj.se\/index.php?rest_route=\/wp\/v2\/types\/page"}],"author":[{"embeddable":true,"href":"https:\/\/www.kristinj.se\/index.php?rest_route=\/wp\/v2\/users\/1"}],"replies":[{"embeddable":true,"href":"https:\/\/www.kristinj.se\/index.php?rest_route=%2Fwp%2Fv2%2Fcomments&post=566"}],"version-history":[{"count":18,"href":"https:\/\/www.kristinj.se\/index.php?rest_route=\/wp\/v2\/pages\/566\/revisions"}],"predecessor-version":[{"id":741,"href":"https:\/\/www.kristinj.se\/index.php?rest_route=\/wp\/v2\/pages\/566\/revisions\/741"}],"wp:attachment":[{"href":"https:\/\/www.kristinj.se\/index.php?rest_route=%2Fwp%2Fv2%2Fmedia&parent=566"}],"curies":[{"name":"wp","href":"https:\/\/api.w.org\/{rel}","templated":true}]}}