{"id":182,"date":"2015-04-03T09:33:23","date_gmt":"2015-04-03T09:33:23","guid":{"rendered":"http:\/\/www.kristinj.se\/?page_id=182"},"modified":"2026-01-11T15:53:16","modified_gmt":"2026-01-11T15:53:16","slug":"182-2","status":"publish","type":"page","link":"https:\/\/www.kristinj.se\/","title":{"rendered":""},"content":{"rendered":"<p>Kristin Johannessen (f\u00f6dd 1985) \u00e4r utbildad vid folkh\u00f6gskolor som L\u00e5ngbro, Liding\u00f6 och Gotland. Hon har \u00e4ven en MFA i Fri Konst fr\u00e5n Konstfack 2021-2023 samt l\u00e4st kursen Att bilderboksber\u00e4tta vid Valand 2024. Fr\u00e4mst arbetar hon med film, teckning och grafik.<\/p>\n<p>&nbsp;<\/p>\n<p>Hemsidan h\u00e5ller p\u00e5 att uppdateras l\u00f6pande.<\/p>\n<p>&nbsp;<\/p>\n<p style=\"text-align: center;\"><span style=\"color: #885c91;\">johannessen.kristin\u00a0 [snabel-a]\u00a0 gmail.com<\/span><\/p>\n","protected":false},"excerpt":{"rendered":"<p>Kristin Johannessen (f\u00f6dd 1985) \u00e4r utbildad vid folkh\u00f6gskolor som L\u00e5ngbro, Liding\u00f6 och Gotland. Hon har \u00e4ven en MFA i Fri Konst fr\u00e5n Konstfack 2021-2023 samt l\u00e4st kursen Att bilderboksber\u00e4tta vid Valand 2024. Fr\u00e4mst arbetar hon med film, teckning och grafik. &nbsp; Hemsidan h\u00e5ller p\u00e5 att uppdateras l\u00f6pande. &nbsp; johannessen.kristin\u00a0 [snabel-a]\u00a0 gmail.com<\/p>\n","protected":false},"author":1,"featured_media":0,"parent":0,"menu_order":0,"comment_status":"closed","ping_status":"closed","template":"","meta":{"footnotes":""},"class_list":["post-182","page","type-page","status-publish","hentry"],"_links":{"self":[{"href":"https:\/\/www.kristinj.se\/index.php?rest_route=\/wp\/v2\/pages\/182","targetHints":{"allow":["GET"]}}],"collection":[{"href":"https:\/\/www.kristinj.se\/index.php?rest_route=\/wp\/v2\/pages"}],"about":[{"href":"https:\/\/www.kristinj.se\/index.php?rest_route=\/wp\/v2\/types\/page"}],"author":[{"embeddable":true,"href":"https:\/\/www.kristinj.se\/index.php?rest_route=\/wp\/v2\/users\/1"}],"replies":[{"embeddable":true,"href":"https:\/\/www.kristinj.se\/index.php?rest_route=%2Fwp%2Fv2%2Fcomments&post=182"}],"version-history":[{"count":13,"href":"https:\/\/www.kristinj.se\/index.php?rest_route=\/wp\/v2\/pages\/182\/revisions"}],"predecessor-version":[{"id":762,"href":"https:\/\/www.kristinj.se\/index.php?rest_route=\/wp\/v2\/pages\/182\/revisions\/762"}],"wp:attachment":[{"href":"https:\/\/www.kristinj.se\/index.php?rest_route=%2Fwp%2Fv2%2Fmedia&parent=182"}],"curies":[{"name":"wp","href":"https:\/\/api.w.org\/{rel}","templated":true}]}}